{"id":929,"date":"2017-03-19T12:25:31","date_gmt":"2017-03-19T12:25:31","guid":{"rendered":"http:\/\/tortentester.de\/?page_id=929"},"modified":"2017-03-19T14:35:32","modified_gmt":"2017-03-19T14:35:32","slug":"tortenlinks","status":"publish","type":"page","link":"http:\/\/tortentester.de\/?page_id=929","title":{"rendered":"Tortenlinks"},"content":{"rendered":"<p>Eine tolle \u00dcbersicht des Tortensortiments der Wiener Conditorei in Berlin<br \/>\nAls Inspiration oder einfach nur zum Mund w\u00e4ssrig machen<br \/>\n<a href=\"http:\/\/www.torten-online.de\/Torten.php?Torte=Mignontorte\" target=\"_blank\">Hier geht es zu den Torten<\/a>!<\/p>\n<p>Eine umfassende Tortensammlung und interessante Caf\u00e9-Tipps:<br \/>\n<a href=\"http:\/\/www.tolletorten.de\/die-torten.html\" target=\"_blank\">Tolle Torten und Cafes<\/a><\/p>\n<p>Sehr interessant klingen die Rezepte, die der CondiCreaticClub auf seiner Seite ver\u00f6ffentlicht hat. <a href=\"http:\/\/www.condicreativclub.de\/service\/rezepte.htm\" target=\"_blank\">Hier geht es zu den Rezepten!<\/a><\/p>\n<p>Inspirierende Blogs<br \/>\n<a href=\"https:\/\/maluskoestlichkeiten.wordpress.com\/\" target=\"_blank\">MaLu\u00b4s K\u00f6stlichkeiten<br \/>\n<\/a><a href=\"http:\/\/lapati.eu\/\" target=\"_blank\">La P\u00e2tisserie<\/a><a href=\"http:\/\/www.condicreativclub.de\/service\/rezepte.htm\" target=\"_blank\"><br \/>\n<\/a><br \/>\nPreisgekr\u00f6nte Torten<br \/>\n<a href=\"http:\/\/www.ole-muellern-schuen.de\/die-meistertorten\/\" target=\"_blank\">&#8222;Sanddorn-Champagner-Charlotte&#8220;<br \/>\n<\/a><a href=\"http:\/\/www.cafe-viktoria.de\/de\/beste-torte-deutschlands-2011\" target=\"_blank\">&#8222;Viktoria-von-Eberbach-Torte&#8220;<\/a><\/p>\n","protected":false},"excerpt":{"rendered":"<p>Eine tolle \u00dcbersicht des Tortensortiments der Wiener Conditorei in Berlin Als Inspiration oder einfach nur zum Mund w\u00e4ssrig machen Hier geht es zu den Torten! Eine umfassende Tortensammlung und interessante Caf\u00e9-Tipps: Tolle Torten und Cafes Sehr interessant klingen die Rezepte, die der CondiCreaticClub auf seiner Seite ver\u00f6ffentlicht hat. Hier geht es zu den Rezepten! Inspirierende&hellip; <\/p>\n","protected":false},"author":1,"featured_media":0,"parent":0,"menu_order":0,"comment_status":"closed","ping_status":"closed","template":"","meta":{"footnotes":""},"class_list":["post-929","page","type-page","status-publish","hentry"],"_links":{"self":[{"href":"http:\/\/tortentester.de\/index.php?rest_route=\/wp\/v2\/pages\/929","targetHints":{"allow":["GET"]}}],"collection":[{"href":"http:\/\/tortentester.de\/index.php?rest_route=\/wp\/v2\/pages"}],"about":[{"href":"http:\/\/tortentester.de\/index.php?rest_route=\/wp\/v2\/types\/page"}],"author":[{"embeddable":true,"href":"http:\/\/tortentester.de\/index.php?rest_route=\/wp\/v2\/users\/1"}],"replies":[{"embeddable":true,"href":"http:\/\/tortentester.de\/index.php?rest_route=%2Fwp%2Fv2%2Fcomments&post=929"}],"version-history":[{"count":6,"href":"http:\/\/tortentester.de\/index.php?rest_route=\/wp\/v2\/pages\/929\/revisions"}],"predecessor-version":[{"id":940,"href":"http:\/\/tortentester.de\/index.php?rest_route=\/wp\/v2\/pages\/929\/revisions\/940"}],"wp:attachment":[{"href":"http:\/\/tortentester.de\/index.php?rest_route=%2Fwp%2Fv2%2Fmedia&parent=929"}],"curies":[{"name":"wp","href":"https:\/\/api.w.org\/{rel}","templated":true}]}}